{"id":267,"date":"2026-01-08T10:28:09","date_gmt":"2026-01-08T09:28:09","guid":{"rendered":"https:\/\/feuerwehr-rauenthal.com\/?page_id=267"},"modified":"2026-01-08T10:50:20","modified_gmt":"2026-01-08T09:50:20","slug":"moechten-sie-unsere-ehrenamtliche-arbeit-mit-einer-spende-unterstuetzen","status":"publish","type":"page","link":"https:\/\/feuerwehr-rauenthal.com\/?page_id=267","title":{"rendered":"Spende"},"content":{"rendered":"\n<p class=\"has-text-align-center\"><strong>M\u00f6chten Sie unsere ehrenamtliche Arbeit mit einer Spende unterst\u00fctzen?<\/strong><\/p>\n\n\n\n<p class=\"has-text-align-left\"><strong>Spende f\u00fcr die Verbesserung der Ausr\u00fcstung und der Ausbildung der aktiven Einsatzmannschaft<\/strong><\/p>\n\n\n\n<p>Bankverbindung:<\/p>\n\n\n\n<p>Kontoinhaber: <strong>Freiw. Feuerwehr Rauenthal e.V.<\/strong><\/p>\n\n\n\n<p>Bank:&nbsp;&nbsp;&nbsp;&nbsp;&nbsp;&nbsp;&nbsp;&nbsp;&nbsp;&nbsp;&nbsp;&nbsp;&nbsp;&nbsp;&nbsp;&nbsp; <strong>Rheingauer Volksbank<\/strong><\/p>\n\n\n\n<p>BIC:&nbsp;&nbsp;&nbsp;&nbsp;&nbsp;&nbsp;&nbsp;&nbsp;&nbsp;&nbsp;&nbsp;&nbsp;&nbsp;&nbsp;&nbsp;&nbsp;&nbsp;&nbsp;&nbsp; <strong>GENODE51RGG<\/strong><\/p>\n\n\n\n<p>IBAN:&nbsp;&nbsp;&nbsp;&nbsp;&nbsp;&nbsp;&nbsp;&nbsp;&nbsp;&nbsp;&nbsp;&nbsp;&nbsp;&nbsp;&nbsp; <strong>DE68510915000000103675<\/strong><\/p>\n\n\n\n<figure class=\"wp-block-image size-full is-resized\"><img loading=\"lazy\" decoding=\"async\" width=\"120\" height=\"120\" src=\"https:\/\/feuerwehr-rauenthal.com\/wp-content\/uploads\/2026\/01\/qr-code-Einsatabteilung-2.png\" alt=\"\" class=\"wp-image-280\" style=\"width:120px;height:auto\" srcset=\"https:\/\/feuerwehr-rauenthal.com\/wp-content\/uploads\/2026\/01\/qr-code-Einsatabteilung-2.png 120w, https:\/\/feuerwehr-rauenthal.com\/wp-content\/uploads\/2026\/01\/qr-code-Einsatabteilung-2-100x100.png 100w\" sizes=\"auto, (max-width: 120px) 100vw, 120px\" \/><\/figure>\n\n\n\n<p>QR-Code zum einfachen \u00fcberweisen in ihrer Banking-App scannen.<\/p>\n\n\n\n<p><\/p>\n\n\n\n<p class=\"has-text-align-left\"><strong>Spende f\u00fcr die Arbeit der Kinder- und Jugendfeuerwehr<\/strong><\/p>\n\n\n\n<p>Bankverbindung:<\/p>\n\n\n\n<p>Kontoinhaber: <strong>Freiw. Feuerwehr Rauenthal e.V.<\/strong><\/p>\n\n\n\n<p>Bank:&nbsp;&nbsp;&nbsp;&nbsp;&nbsp;&nbsp;&nbsp;&nbsp;&nbsp;&nbsp;&nbsp;&nbsp;&nbsp;&nbsp;&nbsp;&nbsp; <strong>Rheingauer Volksbank<\/strong><\/p>\n\n\n\n<p>BIC:&nbsp;&nbsp;&nbsp;&nbsp;&nbsp;&nbsp;&nbsp;&nbsp;&nbsp;&nbsp;&nbsp;&nbsp;&nbsp;&nbsp;&nbsp;&nbsp;&nbsp;&nbsp;&nbsp; <strong>GENODE51RGG<\/strong><\/p>\n\n\n\n<p>IBAN:&nbsp;&nbsp;&nbsp;&nbsp;&nbsp;&nbsp;&nbsp;&nbsp;&nbsp;&nbsp;&nbsp;&nbsp;&nbsp;&nbsp;&nbsp; <strong>DE17510915000000104302<\/strong><\/p>\n\n\n\n<figure class=\"wp-block-image size-full\"><img loading=\"lazy\" decoding=\"async\" width=\"120\" height=\"120\" src=\"https:\/\/feuerwehr-rauenthal.com\/wp-content\/uploads\/2026\/01\/qr-code-kf-jf-1.png\" alt=\"\" class=\"wp-image-281\" srcset=\"https:\/\/feuerwehr-rauenthal.com\/wp-content\/uploads\/2026\/01\/qr-code-kf-jf-1.png 120w, https:\/\/feuerwehr-rauenthal.com\/wp-content\/uploads\/2026\/01\/qr-code-kf-jf-1-100x100.png 100w\" sizes=\"auto, (max-width: 120px) 100vw, 120px\" \/><\/figure>\n\n\n\n<p>QR-Code zum einfachen \u00fcberweisen in ihrer Banking-App scannen.<\/p>\n\n\n\n<p>Wir danken Ihnen f\u00fcr Ihre finanzielle Unterst\u00fctzung. <\/p>\n","protected":false},"excerpt":{"rendered":"<p>M\u00f6chten Sie unsere ehrenamtliche Arbeit mit einer Spende unterst\u00fctzen? Spende f\u00fcr die Verbesserung der Ausr\u00fcstung und der Ausbildung der aktiven Einsatzmannschaft Bankverbindung: Kontoinhaber: Freiw. Feuerwehr Rauenthal e.V. Bank:&nbsp;&nbsp;&nbsp;&nbsp;&nbsp;&nbsp;&nbsp;&nbsp;&nbsp;&nbsp;&nbsp;&nbsp;&nbsp;&nbsp;&nbsp;&nbsp; Rheingauer Volksbank BIC:&nbsp;&nbsp;&nbsp;&nbsp;&nbsp;&nbsp;&nbsp;&nbsp;&nbsp;&nbsp;&nbsp;&nbsp;&nbsp;&nbsp;&nbsp;&nbsp;&nbsp;&nbsp;&nbsp; GENODE51RGG IBAN:&nbsp;&nbsp;&nbsp;&nbsp;&nbsp;&nbsp;&nbsp;&nbsp;&nbsp;&nbsp;&nbsp;&nbsp;&nbsp;&nbsp;&nbsp; DE68510915000000103675 QR-Code zum einfachen \u00fcberweisen in ihrer Banking-App scannen. Spende f\u00fcr die Arbeit der Kinder- und Jugendfeuerwehr Bankverbindung: Kontoinhaber: Freiw. Feuerwehr Rauenthal e.V. Bank:&nbsp;&nbsp;&nbsp;&nbsp;&nbsp;&nbsp;&nbsp;&nbsp;&nbsp;&nbsp;&nbsp;&nbsp;&nbsp;&nbsp;&nbsp;&nbsp; Rheingauer Volksbank BIC:&nbsp;&nbsp;&nbsp;&nbsp;&nbsp;&nbsp;&nbsp;&nbsp;&nbsp;&nbsp;&nbsp;&nbsp;&nbsp;&nbsp;&nbsp;&nbsp;&nbsp;&nbsp;&nbsp; GENODE51RGG IBAN:&nbsp;&nbsp;&nbsp;&nbsp;&nbsp;&nbsp;&nbsp;&nbsp;&nbsp;&nbsp;&nbsp;&nbsp;&nbsp;&nbsp;&nbsp; DE17510915000000104302 QR-Code zum einfachen \u00fcberweisen in ihrer Banking-App scannen. Wir danken Ihnen f\u00fcr Ihre finanzielle Unterst\u00fctzung.<\/p>\n","protected":false},"author":1,"featured_media":0,"parent":0,"menu_order":0,"comment_status":"closed","ping_status":"closed","template":"","meta":{"footnotes":""},"class_list":["post-267","page","type-page","status-publish","hentry"],"jetpack_sharing_enabled":true,"_links":{"self":[{"href":"https:\/\/feuerwehr-rauenthal.com\/index.php?rest_route=\/wp\/v2\/pages\/267","targetHints":{"allow":["GET"]}}],"collection":[{"href":"https:\/\/feuerwehr-rauenthal.com\/index.php?rest_route=\/wp\/v2\/pages"}],"about":[{"href":"https:\/\/feuerwehr-rauenthal.com\/index.php?rest_route=\/wp\/v2\/types\/page"}],"author":[{"embeddable":true,"href":"https:\/\/feuerwehr-rauenthal.com\/index.php?rest_route=\/wp\/v2\/users\/1"}],"replies":[{"embeddable":true,"href":"https:\/\/feuerwehr-rauenthal.com\/index.php?rest_route=%2Fwp%2Fv2%2Fcomments&post=267"}],"version-history":[{"count":9,"href":"https:\/\/feuerwehr-rauenthal.com\/index.php?rest_route=\/wp\/v2\/pages\/267\/revisions"}],"predecessor-version":[{"id":282,"href":"https:\/\/feuerwehr-rauenthal.com\/index.php?rest_route=\/wp\/v2\/pages\/267\/revisions\/282"}],"wp:attachment":[{"href":"https:\/\/feuerwehr-rauenthal.com\/index.php?rest_route=%2Fwp%2Fv2%2Fmedia&parent=267"}],"curies":[{"name":"wp","href":"https:\/\/api.w.org\/{rel}","templated":true}]}}