{"id":75,"date":"2020-01-23T12:09:50","date_gmt":"2020-01-23T12:09:50","guid":{"rendered":"https:\/\/feuerwehr-rauenthal.com\/?page_id=75"},"modified":"2020-01-23T12:09:51","modified_gmt":"2020-01-23T12:09:51","slug":"impressum","status":"publish","type":"page","link":"https:\/\/feuerwehr-rauenthal.com\/?page_id=75","title":{"rendered":"Impressum"},"content":{"rendered":"\n<p>Dieser Internetauftritt wird herausgegeben vom Verein&nbsp;<\/p>\n\n\n\n<p>Freiwillige Feuerwehr Rauenthal e.V.<\/p>\n\n\n\n<p>Weinbergstra\u00dfe 19<\/p>\n\n\n\n<p>65345 Eltville-Rauenthal<\/p>\n\n\n\n<p>06123 &#8211; 702717<\/p>\n\n\n\n<p>Vereinsvorsitzender und Wehrf\u00fchrer:<\/p>\n\n\n\n<p><a href=\"mailto:rauenthaler@t-online.de\">Thorsten Klar<\/a><br><\/p>\n\n\n\n<p>Bankverbindung:<\/p>\n\n\n\n<p>Rheingauer Volksbank<\/p>\n\n\n\n<p>IBAN: DE68 5109 1500 0000 1036 75<\/p>\n\n\n\n<p>BIC: GENODE51RGG<\/p>\n\n\n\n<p><strong>Haftung f\u00fcr Inhalte<\/strong><\/p>\n\n\n\n<p>Die Inhalte unserer Seiten wurden mit gr\u00f6\u00dfter Sorgfalt erstellt.&nbsp;<\/p>\n\n\n\n<p>F\u00fcr\n die Richtigkeit, Vollst\u00e4ndigkeit und Aktualit\u00e4t der Inhalte k\u00f6nnen wir \njedoch keine Gew\u00e4hr \u00fcbernehmen. Als Diensteanbieter sind wir gem\u00e4\u00df \u00a7 7 \nAbs.1 TMG<\/p>\n\n\n\n<p>f\u00fcr\n eigene Inhalte auf diesen Seiten nach den allgemeinen Gesetzen \nverantwortlich. Nach \u00a7\u00a7 8 bis 10 TMG sind wir als Diensteanbieter jedoch\n nicht&nbsp;<\/p>\n\n\n\n<p>verpflichtet,\n \u00fcbermittelte oder gespeicherte fremde Informationen zu \u00fcberwachen oder \nnach Umst\u00e4nden zu forschen, die auf eine rechtswidrige&nbsp;<\/p>\n\n\n\n<p>T\u00e4tigkeit\n hinweisen. Verpflichtungen zur Entfernung oder Sperrung der Nutzung von\n Informationen nach den allgemeinen Gesetzen bleiben hiervon&nbsp;<\/p>\n\n\n\n<p>unber\u00fchrt.\n Eine diesbez\u00fcgliche Haftung ist jedoch erst ab dem Zeitpunkt der \nKenntnis einer konkreten Rechtsverletzung m\u00f6glich. Bei Bekanntwerden von<\/p>\n\n\n\n<p>entsprechenden Rechtsverletzungen werden wir diese Inhalte umgehend entfernen.<\/p>\n\n\n\n<p><strong>Haftung f\u00fcr Links<\/strong><\/p>\n\n\n\n<p>Unser\n Angebot enth\u00e4lt Links zu externen Webseiten Dritter, auf deren Inhalte \nwir keinen Einfluss haben. Deshalb k\u00f6nnen wir f\u00fcr diese fremden Inhalte \nauch<\/p>\n\n\n\n<p>keine\n Gew\u00e4hr \u00fcbernehmen. F\u00fcr die Inhalte der verlinkten Seiten ist stets der \njeweilige Anbieter oder Betreiber der Seiten verantwortlich. Die \nverlinkten<\/p>\n\n\n\n<p>Seiten\n wurden zum Zeitpunkt der Verlinkung auf m\u00f6gliche Rechtsverst\u00f6\u00dfe \n\u00fcberpr\u00fcft. Rechtswidrige Inhalte waren zum Zeitpunkt der Verlinkung \nnicht erkennbar.<\/p>\n\n\n\n<p>Eine\n permanente inhaltliche Kontrolle der verlinkten Seiten ist jedoch ohne \nkonkrete Anhaltspunkte einer Rechtsverletzung nicht zumutbar. Bei \nBekanntwerden<\/p>\n\n\n\n<p>von Rechtsverletzungen werden wir derartige Links umgehend entfernen.<\/p>\n\n\n\n<p><strong>Urheberrecht<\/strong><\/p>\n\n\n\n<p>Die\n durch die Seitenbetreiber erstellten Inhalte und Werke auf diesen \nSeiten unterliegen dem deutschen Urheberrecht. Die Vervielf\u00e4ltigung, \nBearbeitung,<\/p>\n\n\n\n<p>Verbreitung\n und jede Art der Verwertung au\u00dferhalb der Grenzen des Urheberrechtes \nbed\u00fcrfen der schriftlichen Zustimmung des jeweiligen Autors bzw. \nErstellers.<\/p>\n\n\n\n<p>Downloads\n und Kopien dieser Seite sind nur f\u00fcr den privaten, nicht kommerziellen \nGebrauch gestattet. Soweit die Inhalte auf dieser Seite nicht vom \nBetreiber<\/p>\n\n\n\n<p>erstellt\n wurden, werden die Urheberrechte Dritter beachtet. Insbesondere werden \nInhalte Dritter als solche gekennzeichnet. Sollten Sie trotzdem auf eine<\/p>\n\n\n\n<p>Urheberrechtsverletzung\n aufmerksam werden, bitten wir um einen entsprechenden Hinweis. Bei \nBekanntwerden von Rechtsverletzungen werden wir derartige Inhalte<\/p>\n\n\n\n<p>umgehend entfernen.<\/p>\n\n\n\n<p><strong>Datenschutz<\/strong><\/p>\n\n\n\n<p>Die\n Nutzung unserer Webseite ist in der Regel ohne Angabe personenbezogener\n Daten m\u00f6glich. Soweit auf unseren Seiten personenbezogene Daten \n(beispielsweise<\/p>\n\n\n\n<p>Name,\n Anschrift oder eMail-Adressen) erhoben werden, erfolgt dies, soweit \nm\u00f6glich, stets auf freiwilliger Basis. Diese Daten werden ohne Ihre \nausdr\u00fcckliche<\/p>\n\n\n\n<p>Zustimmung nicht an Dritte weitergegeben.&nbsp; &nbsp;<\/p>\n\n\n\n<p>Wir\n weisen darauf hin, dass die Daten\u00fcbertragung im Internet (z.B. bei der \nKommunikation per E-Mail) Sicherheitsl\u00fccken aufweisen kann. Ein \nl\u00fcckenloser Schutz<\/p>\n\n\n\n<p>der Daten vor dem Zugriff durch Dritte ist nicht m\u00f6glich.<\/p>\n\n\n\n<p>Der\n Nutzung von im Rahmen der Impressumspflicht ver\u00f6ffentlichten \nKontaktdaten durch Dritte zur \u00dcbersendung von nicht ausdr\u00fccklich \nangeforderter Werbung und<\/p>\n\n\n\n<p>Informationsmaterialien\n wird hiermit ausdr\u00fccklich widersprochen. Die Betreiber der Seiten \nbehalten sich ausdr\u00fccklich rechtliche Schritte im Falle der<\/p>\n\n\n\n<p>unverlangten Zusendung von Werbeinformationen, etwa durch Spam-Mails, vor.<\/p>\n\n\n\n<p>Quellenangaben:&nbsp; <a href=\"http:\/\/www.e-recht24.de\/muster-disclaimer.htm\" target=\"_blank\" rel=\"noreferrer noopener\">Disclaimer eRecht24<\/a><br><\/p>\n","protected":false},"excerpt":{"rendered":"<p>Dieser Internetauftritt wird herausgegeben vom Verein&nbsp; Freiwillige Feuerwehr Rauenthal e.V. Weinbergstra\u00dfe 19 65345 Eltville-Rauenthal 06123 &#8211; 702717 Vereinsvorsitzender und Wehrf\u00fchrer: Thorsten Klar Bankverbindung: Rheingauer Volksbank IBAN: DE68 5109 1500 0000 1036 75 BIC: GENODE51RGG Haftung f\u00fcr Inhalte Die Inhalte unserer Seiten wurden mit gr\u00f6\u00dfter Sorgfalt erstellt.&nbsp; F\u00fcr die Richtigkeit, Vollst\u00e4ndigkeit und Aktualit\u00e4t der Inhalte k\u00f6nnen wir jedoch keine Gew\u00e4hr \u00fcbernehmen. Als Diensteanbieter sind wir gem\u00e4\u00df \u00a7 7 Abs.1 TMG f\u00fcr eigene Inhalte auf diesen Seiten nach den allgemeinen Gesetzen verantwortlich&#8230;.<\/p>\n<p class=\"read-more\"><a class=\"btn btn-default\" href=\"https:\/\/feuerwehr-rauenthal.com\/?page_id=75\">Weiterlesen<span class=\"screen-reader-text\"> Weiterlesen<\/span><\/a><\/p>\n","protected":false},"author":1,"featured_media":0,"parent":0,"menu_order":0,"comment_status":"closed","ping_status":"closed","template":"","meta":{"footnotes":""},"class_list":["post-75","page","type-page","status-publish","hentry"],"jetpack_sharing_enabled":true,"_links":{"self":[{"href":"https:\/\/feuerwehr-rauenthal.com\/index.php?rest_route=\/wp\/v2\/pages\/75","targetHints":{"allow":["GET"]}}],"collection":[{"href":"https:\/\/feuerwehr-rauenthal.com\/index.php?rest_route=\/wp\/v2\/pages"}],"about":[{"href":"https:\/\/feuerwehr-rauenthal.com\/index.php?rest_route=\/wp\/v2\/types\/page"}],"author":[{"embeddable":true,"href":"https:\/\/feuerwehr-rauenthal.com\/index.php?rest_route=\/wp\/v2\/users\/1"}],"replies":[{"embeddable":true,"href":"https:\/\/feuerwehr-rauenthal.com\/index.php?rest_route=%2Fwp%2Fv2%2Fcomments&post=75"}],"version-history":[{"count":1,"href":"https:\/\/feuerwehr-rauenthal.com\/index.php?rest_route=\/wp\/v2\/pages\/75\/revisions"}],"predecessor-version":[{"id":76,"href":"https:\/\/feuerwehr-rauenthal.com\/index.php?rest_route=\/wp\/v2\/pages\/75\/revisions\/76"}],"wp:attachment":[{"href":"https:\/\/feuerwehr-rauenthal.com\/index.php?rest_route=%2Fwp%2Fv2%2Fmedia&parent=75"}],"curies":[{"name":"wp","href":"https:\/\/api.w.org\/{rel}","templated":true}]}}